{"id":2,"date":"2026-03-23T18:26:03","date_gmt":"2026-03-23T18:26:03","guid":{"rendered":"https:\/\/almatextil.cl\/?page_id=2"},"modified":"2026-03-23T19:35:10","modified_gmt":"2026-03-23T19:35:10","slug":"sample-page","status":"publish","type":"page","link":"https:\/\/almatextil.cl\/","title":{"rendered":"Distribuidora de toallas"},"content":{"rendered":"\n<h2 class=\"wp-block-heading has-text-align-center has-vivid-cyan-blue-color has-text-color has-link-color wp-elements-5faa0ab318cdd24bf65d0446cc269ad7\">! PRONTO NUESTRA TIENDA EL LINEA !<\/h2>\n\n\n\n<div style=\"height:48px\" aria-hidden=\"true\" class=\"wp-block-spacer\"><\/div>\n\n\n\n<p class=\"has-text-align-center\">En <strong>Almatextil.cl<\/strong> somos tu <strong>distribuidora de toallas por mayor en Chile<\/strong>, especializada en atender empresas e instituciones que buscan calidad y personalizaci\u00f3n. Ofrecemos <strong>toallas corporativas personalizadas con logo<\/strong>, perfectas para reforzar la identidad de tu marca en hoteles, gimnasios, cl\u00ednicas y organizaciones.<\/p>\n\n\n\n<p class=\"has-text-align-center\">Nuestra propuesta combina <strong>importaci\u00f3n de toallas de algod\u00f3n premium<\/strong> con precios competitivos y entregas confiables en todo Chile. Ya sea que necesites <strong>toallas promocionales por mayor<\/strong> para campa\u00f1as de marketing o <strong>toallas bordadas corporativas<\/strong> para colaboradores y clientes, somos el aliado que tu empresa necesita.<\/p>\n\n\n\n<div style=\"height:29px\" aria-hidden=\"true\" class=\"wp-block-spacer\"><\/div>\n\n\n\n<p class=\"has-text-align-center has-vivid-cyan-blue-color has-text-color has-link-color wp-elements-7881f66b2cb77cfd5b4f86ba0f08de23\">Cotiza hoy mismo y descubre c\u00f3mo nuestras toallas pueden convertirse en una herramienta estrat\u00e9gica para tu negocio. Env\u00eda tu mensaje a <strong>ventas@almatextil.cl<\/strong>  Env\u00edos a todo Chile.<\/p>\n\n\n\n<p><\/p>\n","protected":false},"excerpt":{"rendered":"<p>! PRONTO NUESTRA TIENDA EL LINEA ! En Almatextil.cl somos tu distribuidora de toallas por mayor en Chile, especializada en atender empresas e instituciones que buscan calidad y personalizaci\u00f3n. Ofrecemos toallas corporativas personalizadas con logo, perfectas para reforzar la identidad de tu marca en hoteles, gimnasios, cl\u00ednicas y organizaciones. Nuestra propuesta combina importaci\u00f3n de toallas [&hellip;]<\/p>\n","protected":false},"author":1,"featured_media":0,"parent":0,"menu_order":0,"comment_status":"closed","ping_status":"open","template":"","meta":{"footnotes":""},"class_list":["post-2","page","type-page","status-publish","hentry"],"yoast_head":"<!-- This site is optimized with the Yoast SEO plugin v27.2 - https:\/\/yoast.com\/product\/yoast-seo-wordpress\/ -->\n<title>Distribuidora de Toallas - Importadora - ALMA TEXTIL<\/title>\n<meta name=\"description\" content=\"Distribuidora de toallas para empresas. Importadora de toallas por mayor.Toallas corporativas instituciones y empresas. Santiago , Chile.\" \/>\n<meta name=\"robots\" content=\"index, follow, max-snippet:-1, max-image-preview:large, max-video-preview:-1\" \/>\n<link rel=\"canonical\" href=\"https:\/\/almatextil.cl\/\" \/>\n<meta property=\"og:locale\" content=\"es_ES\" \/>\n<meta property=\"og:type\" content=\"article\" \/>\n<meta property=\"og:title\" content=\"Distribuidora de Toallas - Importadora - ALMA TEXTIL\" \/>\n<meta property=\"og:description\" content=\"Distribuidora de toallas para empresas. Importadora de toallas por mayor.Toallas corporativas instituciones y empresas. Santiago , Chile.\" \/>\n<meta property=\"og:url\" content=\"https:\/\/almatextil.cl\/\" \/>\n<meta property=\"og:site_name\" content=\"Alma Textil\" \/>\n<meta property=\"article:modified_time\" content=\"2026-03-23T19:35:10+00:00\" \/>\n<meta name=\"twitter:card\" content=\"summary_large_image\" \/>\n<meta name=\"twitter:label1\" content=\"Tiempo de lectura\" \/>\n\t<meta name=\"twitter:data1\" content=\"1 minuto\" \/>\n<script type=\"application\/ld+json\" class=\"yoast-schema-graph\">{\"@context\":\"https:\/\/schema.org\",\"@graph\":[{\"@type\":\"WebPage\",\"@id\":\"https:\/\/almatextil.cl\/\",\"url\":\"https:\/\/almatextil.cl\/\",\"name\":\"Distribuidora de Toallas - Importadora - ALMA TEXTIL\",\"isPartOf\":{\"@id\":\"https:\/\/almatextil.cl\/#website\"},\"datePublished\":\"2026-03-23T18:26:03+00:00\",\"dateModified\":\"2026-03-23T19:35:10+00:00\",\"description\":\"Distribuidora de toallas para empresas. Importadora de toallas por mayor.Toallas corporativas instituciones y empresas. Santiago , Chile.\",\"breadcrumb\":{\"@id\":\"https:\/\/almatextil.cl\/#breadcrumb\"},\"inLanguage\":\"es\",\"potentialAction\":[{\"@type\":\"ReadAction\",\"target\":[\"https:\/\/almatextil.cl\/\"]}]},{\"@type\":\"BreadcrumbList\",\"@id\":\"https:\/\/almatextil.cl\/#breadcrumb\",\"itemListElement\":[{\"@type\":\"ListItem\",\"position\":1,\"name\":\"Portada\",\"item\":\"https:\/\/almatextil.cl\/\"},{\"@type\":\"ListItem\",\"position\":2,\"name\":\"Distribuidora de toallas\"}]},{\"@type\":\"WebSite\",\"@id\":\"https:\/\/almatextil.cl\/#website\",\"url\":\"https:\/\/almatextil.cl\/\",\"name\":\"Alma Textil\",\"description\":\"Distribuidora de toallas\",\"potentialAction\":[{\"@type\":\"SearchAction\",\"target\":{\"@type\":\"EntryPoint\",\"urlTemplate\":\"https:\/\/almatextil.cl\/?s={search_term_string}\"},\"query-input\":{\"@type\":\"PropertyValueSpecification\",\"valueRequired\":true,\"valueName\":\"search_term_string\"}}],\"inLanguage\":\"es\"}]}<\/script>\n<!-- \/ Yoast SEO plugin. -->","yoast_head_json":{"title":"Distribuidora de Toallas - Importadora - ALMA TEXTIL","description":"Distribuidora de toallas para empresas. Importadora de toallas por mayor.Toallas corporativas instituciones y empresas. Santiago , Chile.","robots":{"index":"index","follow":"follow","max-snippet":"max-snippet:-1","max-image-preview":"max-image-preview:large","max-video-preview":"max-video-preview:-1"},"canonical":"https:\/\/almatextil.cl\/","og_locale":"es_ES","og_type":"article","og_title":"Distribuidora de Toallas - Importadora - ALMA TEXTIL","og_description":"Distribuidora de toallas para empresas. Importadora de toallas por mayor.Toallas corporativas instituciones y empresas. Santiago , Chile.","og_url":"https:\/\/almatextil.cl\/","og_site_name":"Alma Textil","article_modified_time":"2026-03-23T19:35:10+00:00","twitter_card":"summary_large_image","twitter_misc":{"Tiempo de lectura":"1 minuto"},"schema":{"@context":"https:\/\/schema.org","@graph":[{"@type":"WebPage","@id":"https:\/\/almatextil.cl\/","url":"https:\/\/almatextil.cl\/","name":"Distribuidora de Toallas - Importadora - ALMA TEXTIL","isPartOf":{"@id":"https:\/\/almatextil.cl\/#website"},"datePublished":"2026-03-23T18:26:03+00:00","dateModified":"2026-03-23T19:35:10+00:00","description":"Distribuidora de toallas para empresas. Importadora de toallas por mayor.Toallas corporativas instituciones y empresas. Santiago , Chile.","breadcrumb":{"@id":"https:\/\/almatextil.cl\/#breadcrumb"},"inLanguage":"es","potentialAction":[{"@type":"ReadAction","target":["https:\/\/almatextil.cl\/"]}]},{"@type":"BreadcrumbList","@id":"https:\/\/almatextil.cl\/#breadcrumb","itemListElement":[{"@type":"ListItem","position":1,"name":"Portada","item":"https:\/\/almatextil.cl\/"},{"@type":"ListItem","position":2,"name":"Distribuidora de toallas"}]},{"@type":"WebSite","@id":"https:\/\/almatextil.cl\/#website","url":"https:\/\/almatextil.cl\/","name":"Alma Textil","description":"Distribuidora de toallas","potentialAction":[{"@type":"SearchAction","target":{"@type":"EntryPoint","urlTemplate":"https:\/\/almatextil.cl\/?s={search_term_string}"},"query-input":{"@type":"PropertyValueSpecification","valueRequired":true,"valueName":"search_term_string"}}],"inLanguage":"es"}]}},"_links":{"self":[{"href":"https:\/\/almatextil.cl\/index.php\/wp-json\/wp\/v2\/pages\/2","targetHints":{"allow":["GET"]}}],"collection":[{"href":"https:\/\/almatextil.cl\/index.php\/wp-json\/wp\/v2\/pages"}],"about":[{"href":"https:\/\/almatextil.cl\/index.php\/wp-json\/wp\/v2\/types\/page"}],"author":[{"embeddable":true,"href":"https:\/\/almatextil.cl\/index.php\/wp-json\/wp\/v2\/users\/1"}],"replies":[{"embeddable":true,"href":"https:\/\/almatextil.cl\/index.php\/wp-json\/wp\/v2\/comments?post=2"}],"version-history":[{"count":7,"href":"https:\/\/almatextil.cl\/index.php\/wp-json\/wp\/v2\/pages\/2\/revisions"}],"predecessor-version":[{"id":24,"href":"https:\/\/almatextil.cl\/index.php\/wp-json\/wp\/v2\/pages\/2\/revisions\/24"}],"wp:attachment":[{"href":"https:\/\/almatextil.cl\/index.php\/wp-json\/wp\/v2\/media?parent=2"}],"curies":[{"name":"wp","href":"https:\/\/api.w.org\/{rel}","templated":true}]}}